{"id":387,"date":"2025-05-29T12:05:38","date_gmt":"2025-05-29T12:05:38","guid":{"rendered":"https:\/\/beheizbare-bekleidung.ch\/?page_id=387"},"modified":"2025-05-29T13:22:13","modified_gmt":"2025-05-29T13:22:13","slug":"impressum","status":"publish","type":"page","link":"https:\/\/beheizbare-bekleidung.ch\/index.php\/impressum\/","title":{"rendered":"Impressum"},"content":{"rendered":"\t\t<div data-elementor-type=\"wp-page\" data-elementor-id=\"387\" class=\"elementor elementor-387\">\n\t\t\t\t\t\t<section class=\"elementor-section elementor-top-section elementor-element elementor-element-e4a12a3 elementor-section-boxed elementor-section-height-default elementor-section-height-default\" data-id=\"e4a12a3\" data-element_type=\"section\">\n\t\t\t\t\t\t<div class=\"elementor-container elementor-column-gap-default\">\n\t\t\t\t\t<div class=\"elementor-column elementor-col-100 elementor-top-column elementor-element elementor-element-e55f5c0\" data-id=\"e55f5c0\" data-element_type=\"column\">\n\t\t\t<div class=\"elementor-widget-wrap elementor-element-populated\">\n\t\t\t\t\t\t<div class=\"elementor-element elementor-element-5031150 elementor-widget elementor-widget-heading\" data-id=\"5031150\" data-element_type=\"widget\" data-widget_type=\"heading.default\">\n\t\t\t\t<div class=\"elementor-widget-container\">\n\t\t\t\t\t<h2 class=\"elementor-heading-title elementor-size-default\">Impressum<\/h2>\t\t\t\t<\/div>\n\t\t\t\t<\/div>\n\t\t\t\t\t<\/div>\n\t\t<\/div>\n\t\t\t\t\t<\/div>\n\t\t<\/section>\n\t\t\t\t<section class=\"elementor-section elementor-top-section elementor-element elementor-element-2908131 elementor-section-boxed elementor-section-height-default elementor-section-height-default\" data-id=\"2908131\" data-element_type=\"section\">\n\t\t\t\t\t\t<div class=\"elementor-container elementor-column-gap-default\">\n\t\t\t\t\t<div class=\"elementor-column elementor-col-100 elementor-top-column elementor-element elementor-element-f6aaf18\" data-id=\"f6aaf18\" data-element_type=\"column\">\n\t\t\t<div class=\"elementor-widget-wrap elementor-element-populated\">\n\t\t\t\t\t\t<div class=\"elementor-element elementor-element-113f2c7 elementor-widget elementor-widget-text-editor\" data-id=\"113f2c7\" data-element_type=\"widget\" data-widget_type=\"text-editor.default\">\n\t\t\t\t<div class=\"elementor-widget-container\">\n\t\t\t\t\t\t\t\t\t<p style=\"margin-bottom: 0px; margin-left: 0px; margin-top: 0px;\"><span style=\"color: #000000; font-size: 20px; font-weight: bold; font-style: inherit; background-color: var(--ast-global-color-4);\">Kontaktadresse<\/span><\/p>\n<p style=\"margin-bottom: 0px; margin-left: 0px; margin-top: 0px;\"><span style=\"background-color: var(--ast-global-color-4); color: var( --e-global-color-text ); font-family: var( --e-global-typography-text-font-family ), Sans-serif; font-style: inherit; font-weight: inherit;\">&nbsp;<\/span><\/p>\n<p style=\"margin-bottom: 0px; margin-left: 0px; margin-top: 0px;\"><span style=\"color: #000000; font-size: 20px;\">Sport Attack GmbH<\/span><\/p>\n<p style=\"margin-bottom: 0px;\"><font color=\"#000000\"><span style=\"font-size: 20px;\">Steinwiesstrasse 11<\/span><\/font><\/p><p style=\"margin-bottom: 0px;\"><font color=\"#000000\"><span style=\"font-size: 20px;\">8330 Pf\u00e4ffikon ZH<\/span><\/font><\/p><p style=\"margin-bottom: 0px;\"><font color=\"#000000\"><span style=\"font-size: 20px;\">Telefon: &#8211;<\/span><\/font><\/p><p style=\"margin-bottom: 0px;\"><font color=\"#000000\"><span style=\"font-size: 20px;\">E-Mail: &#8211;<\/span><\/font><\/p><p style=\"margin-bottom: 0px;\"><font color=\"#000000\"><span style=\"font-size: 20px;\"><br><\/span><\/font><\/p>\n<p style=\"margin-bottom: 1.5em; color: #000000; font-size: 20px; font-style: normal; font-weight: 300;\"><span style=\"border: 0px; margin: 0px; padding: 0px; font-weight: bold;\">Haftungsausschluss<\/span><\/p>\n<p style=\"margin-bottom: 1.5em; color: #000000; font-size: 20px; font-style: normal; font-weight: 300;\">Der Autor \u00fcbernimmt keinerlei Gew\u00e4hr hinsichtlich der inhaltlichen Richtigkeit, Genauigkeit, Aktualit\u00e4t, Zuverl\u00e4ssigkeit und Vollst\u00e4ndigkeit der Informationen.<\/p>\n<p style=\"margin-bottom: 1.5em; color: #000000; font-size: 20px; font-style: normal; font-weight: 300;\">Haftungsanspr\u00fcche gegen den Autor wegen Sch\u00e4den materieller oder immaterieller Art, welche aus dem Zugriff oder der Nutzung bzw. Nichtnutzung der ver\u00f6ffentlichten Informationen, durch Missbrauch der Verbindung oder durch technische St\u00f6rungen entstanden sind, werden ausgeschlossen.<\/p>\n<p style=\"margin-bottom: 1.5em; color: #000000; font-size: 20px; font-style: normal; font-weight: 300;\">Alle Angebote sind unverbindlich. Der Autor beh\u00e4lt es sich ausdr\u00fccklich vor, Teile der Seiten oder das gesamte Angebot ohne besondere Ank\u00fcndigung zu ver\u00e4ndern, zu erg\u00e4nzen, zu l\u00f6schen oder die Ver\u00f6ffentlichung zeitweise oder endg\u00fcltig einzustellen.<\/p>\n<p style=\"margin-bottom: 1.5em; color: #000000; font-size: 20px; font-style: normal; font-weight: 300;\"><span style=\"border: 0px; margin: 0px; padding: 0px; font-weight: bold;\">Haftungsausschluss f\u00fcr Links<\/span><\/p>\n<p style=\"margin-bottom: 1.5em; color: #000000; font-size: 20px; font-style: normal; font-weight: 300;\">Verweise und Links auf Webseiten Dritter liegen ausserhalb unseres Verantwortungsbereichs. Es wird jegliche Verantwortung f\u00fcr solche Webseiten abgelehnt. Der Zugriff und die Nutzung solcher Webseiten erfolgen auf eigene Gefahr des jeweiligen Nutzers.<\/p>\n<h6 style=\"margin-bottom: 0.3em; font-family: Quicksand, sans-serif; font-size: 20px; font-style: normal; font-weight: 400; color: #000000;\">Quelle:&nbsp;<a style=\"border: 0px; margin: 0px; padding: 0px; transition: color 0.1s ease-in-out, background-color 0.1s ease-in-out; text-decoration-line: none; color: #a59445;\" href=\"http:\/\/www.swissanwalt.ch\/\">Imperessum-Generator von SwissAnwalt<\/a><\/h6>\t\t\t\t\t\t\t\t<\/div>\n\t\t\t\t<\/div>\n\t\t\t\t\t<\/div>\n\t\t<\/div>\n\t\t\t\t\t<\/div>\n\t\t<\/section>\n\t\t\t\t<\/div>\n\t\t","protected":false},"excerpt":{"rendered":"<p>Impressum Kontaktadresse &nbsp; Sport Attack GmbH Steinwiesstrasse 11 8330 Pf\u00e4ffikon ZH Telefon: &#8211; E-Mail: &#8211; Haftungsausschluss Der Autor \u00fcbernimmt keinerlei [&hellip;]<\/p>\n","protected":false},"author":1,"featured_media":0,"parent":0,"menu_order":0,"comment_status":"closed","ping_status":"closed","template":"","meta":{"site-sidebar-layout":"no-sidebar","site-content-layout":"","ast-site-content-layout":"full-width-container","site-content-style":"default","site-sidebar-style":"default","ast-global-header-display":"","ast-banner-title-visibility":"","ast-main-header-display":"","ast-hfb-above-header-display":"","ast-hfb-below-header-display":"","ast-hfb-mobile-header-display":"","site-post-title":"disabled","ast-breadcrumbs-content":"","ast-featured-img":"disabled","footer-sml-layout":"","theme-transparent-header-meta":"default","adv-header-id-meta":"","stick-header-meta":"","header-above-stick-meta":"","header-main-stick-meta":"","header-below-stick-meta":"","astra-migrate-meta-layouts":"set","ast-page-background-enabled":"default","ast-page-background-meta":{"desktop":{"background-color":"var(--ast-global-color-5)","background-image":"","background-repeat":"repeat","background-position":"center center","background-size":"auto","background-attachment":"scroll","background-type":"","background-media":"","overlay-type":"","overlay-color":"","overlay-opacity":"","overlay-gradient":""},"tablet":{"background-color":"","background-image":"","background-repeat":"repeat","background-position":"center center","background-size":"auto","background-attachment":"scroll","background-type":"","background-media":"","overlay-type":"","overlay-color":"","overlay-opacity":"","overlay-gradient":""},"mobile":{"background-color":"","background-image":"","background-repeat":"repeat","background-position":"center center","background-size":"auto","background-attachment":"scroll","background-type":"","background-media":"","overlay-type":"","overlay-color":"","overlay-opacity":"","overlay-gradient":""}},"ast-content-background-meta":{"desktop":{"background-color":"var(--ast-global-color-4)","background-image":"","background-repeat":"repeat","background-position":"center center","background-size":"auto","background-attachment":"scroll","background-type":"","background-media":"","overlay-type":"","overlay-color":"","overlay-opacity":"","overlay-gradient":""},"tablet":{"background-color":"var(--ast-global-color-4)","background-image":"","background-repeat":"repeat","background-position":"center center","background-size":"auto","background-attachment":"scroll","background-type":"","background-media":"","overlay-type":"","overlay-color":"","overlay-opacity":"","overlay-gradient":""},"mobile":{"background-color":"var(--ast-global-color-4)","background-image":"","background-repeat":"repeat","background-position":"center center","background-size":"auto","background-attachment":"scroll","background-type":"","background-media":"","overlay-type":"","overlay-color":"","overlay-opacity":"","overlay-gradient":""}},"footnotes":""},"class_list":["post-387","page","type-page","status-publish","hentry"],"_links":{"self":[{"href":"https:\/\/beheizbare-bekleidung.ch\/index.php\/wp-json\/wp\/v2\/pages\/387","targetHints":{"allow":["GET"]}}],"collection":[{"href":"https:\/\/beheizbare-bekleidung.ch\/index.php\/wp-json\/wp\/v2\/pages"}],"about":[{"href":"https:\/\/beheizbare-bekleidung.ch\/index.php\/wp-json\/wp\/v2\/types\/page"}],"author":[{"embeddable":true,"href":"https:\/\/beheizbare-bekleidung.ch\/index.php\/wp-json\/wp\/v2\/users\/1"}],"replies":[{"embeddable":true,"href":"https:\/\/beheizbare-bekleidung.ch\/index.php\/wp-json\/wp\/v2\/comments?post=387"}],"version-history":[{"count":11,"href":"https:\/\/beheizbare-bekleidung.ch\/index.php\/wp-json\/wp\/v2\/pages\/387\/revisions"}],"predecessor-version":[{"id":477,"href":"https:\/\/beheizbare-bekleidung.ch\/index.php\/wp-json\/wp\/v2\/pages\/387\/revisions\/477"}],"wp:attachment":[{"href":"https:\/\/beheizbare-bekleidung.ch\/index.php\/wp-json\/wp\/v2\/media?parent=387"}],"curies":[{"name":"wp","href":"https:\/\/api.w.org\/{rel}","templated":true}]}}